{"id":568,"date":"2024-04-05T17:28:25","date_gmt":"2024-04-05T20:28:25","guid":{"rendered":"https:\/\/grupobrotherhood.com.br\/?page_id=568"},"modified":"2025-06-12T18:04:06","modified_gmt":"2025-06-12T21:04:06","slug":"vagas-contabilidade-rio-de-janeiro-brotherhood","status":"publish","type":"page","link":"https:\/\/grupobrotherhood.com.br\/?page_id=568","title":{"rendered":"Vagas Contabilidade Rio de Janeiro BrotherHood"},"content":{"rendered":"\t\t<div data-elementor-type=\"wp-page\" data-elementor-id=\"568\" class=\"elementor elementor-568\" data-elementor-post-type=\"page\">\n\t\t\t\t\t\t<section class=\"elementor-section elementor-top-section elementor-element elementor-element-3b87713e elementor-section-full_width elementor-section-height-default elementor-section-height-default\" data-id=\"3b87713e\" data-element_type=\"section\" data-settings=\"{&quot;background_background&quot;:&quot;gradient&quot;,&quot;_ha_eqh_enable&quot;:false}\">\n\t\t\t\t\t\t<div class=\"elementor-container elementor-column-gap-default\">\n\t\t\t\t\t<div class=\"elementor-column elementor-col-100 elementor-top-column elementor-element elementor-element-77a5d299\" data-id=\"77a5d299\" data-element_type=\"column\" data-settings=\"{&quot;background_background&quot;:&quot;classic&quot;}\">\n\t\t\t<div class=\"elementor-widget-wrap elementor-element-populated\">\n\t\t\t\t\t<div class=\"elementor-background-overlay\"><\/div>\n\t\t\t\t\t\t<div class=\"elementor-element elementor-element-a860609 elementor-widget elementor-widget-heading\" data-id=\"a860609\" data-element_type=\"widget\" data-widget_type=\"heading.default\">\n\t\t\t\t<div class=\"elementor-widget-container\">\n\t\t\t<style>\/*! elementor - v3.19.0 - 07-02-2024 *\/\n.elementor-heading-title{padding:0;margin:0;line-height:1}.elementor-widget-heading .elementor-heading-title[class*=elementor-size-]>a{color:inherit;font-size:inherit;line-height:inherit}.elementor-widget-heading .elementor-heading-title.elementor-size-small{font-size:15px}.elementor-widget-heading .elementor-heading-title.elementor-size-medium{font-size:19px}.elementor-widget-heading .elementor-heading-title.elementor-size-large{font-size:29px}.elementor-widget-heading .elementor-heading-title.elementor-size-xl{font-size:39px}.elementor-widget-heading .elementor-heading-title.elementor-size-xxl{font-size:59px}<\/style><h1 class=\"elementor-heading-title elementor-size-default\">Fa\u00e7a parte do nosso time<\/h1>\t\t<\/div>\n\t\t\t\t<\/div>\n\t\t\t\t\t<\/div>\n\t\t<\/div>\n\t\t\t\t\t<\/div>\n\t\t<\/section>\n\t\t\t\t<section class=\"elementor-section elementor-top-section elementor-element elementor-element-7632fb51 elementor-section-boxed elementor-section-height-default elementor-section-height-default\" data-id=\"7632fb51\" data-element_type=\"section\" data-settings=\"{&quot;background_background&quot;:&quot;classic&quot;,&quot;_ha_eqh_enable&quot;:false}\">\n\t\t\t\t\t\t\t<div class=\"elementor-background-overlay\"><\/div>\n\t\t\t\t\t\t\t<div class=\"elementor-container elementor-column-gap-default\">\n\t\t\t\t\t<div class=\"elementor-column elementor-col-100 elementor-top-column elementor-element elementor-element-4646af4d\" data-id=\"4646af4d\" data-element_type=\"column\">\n\t\t\t<div class=\"elementor-widget-wrap elementor-element-populated\">\n\t\t\t\t\t\t<div class=\"elementor-element elementor-element-b11d0a0 elementor-widget elementor-widget-heading\" data-id=\"b11d0a0\" data-element_type=\"widget\" data-widget_type=\"heading.default\">\n\t\t\t\t<div class=\"elementor-widget-container\">\n\t\t\t<h2 class=\"elementor-heading-title elementor-size-default\">Estamos em busca de talentos apaixonados por desafios<\/h2>\t\t<\/div>\n\t\t\t\t<\/div>\n\t\t\t\t<div class=\"elementor-element elementor-element-331413aa elementor-widget-divider--view-line elementor-invisible elementor-widget elementor-widget-divider\" data-id=\"331413aa\" data-element_type=\"widget\" data-settings=\"{&quot;_animation&quot;:&quot;fadeInLeft&quot;}\" data-widget_type=\"divider.default\">\n\t\t\t\t<div class=\"elementor-widget-container\">\n\t\t\t<style>\/*! elementor - v3.19.0 - 07-02-2024 *\/\n.elementor-widget-divider{--divider-border-style:none;--divider-border-width:1px;--divider-color:#0c0d0e;--divider-icon-size:20px;--divider-element-spacing:10px;--divider-pattern-height:24px;--divider-pattern-size:20px;--divider-pattern-url:none;--divider-pattern-repeat:repeat-x}.elementor-widget-divider .elementor-divider{display:flex}.elementor-widget-divider .elementor-divider__text{font-size:15px;line-height:1;max-width:95%}.elementor-widget-divider .elementor-divider__element{margin:0 var(--divider-element-spacing);flex-shrink:0}.elementor-widget-divider .elementor-icon{font-size:var(--divider-icon-size)}.elementor-widget-divider .elementor-divider-separator{display:flex;margin:0;direction:ltr}.elementor-widget-divider--view-line_icon .elementor-divider-separator,.elementor-widget-divider--view-line_text .elementor-divider-separator{align-items:center}.elementor-widget-divider--view-line_icon .elementor-divider-separator:after,.elementor-widget-divider--view-line_icon .elementor-divider-separator:before,.elementor-widget-divider--view-line_text .elementor-divider-separator:after,.elementor-widget-divider--view-line_text .elementor-divider-separator:before{display:block;content:\"\";border-block-end:0;flex-grow:1;border-block-start:var(--divider-border-width) var(--divider-border-style) var(--divider-color)}.elementor-widget-divider--element-align-left .elementor-divider .elementor-divider-separator>.elementor-divider__svg:first-of-type{flex-grow:0;flex-shrink:100}.elementor-widget-divider--element-align-left .elementor-divider-separator:before{content:none}.elementor-widget-divider--element-align-left .elementor-divider__element{margin-left:0}.elementor-widget-divider--element-align-right .elementor-divider .elementor-divider-separator>.elementor-divider__svg:last-of-type{flex-grow:0;flex-shrink:100}.elementor-widget-divider--element-align-right .elementor-divider-separator:after{content:none}.elementor-widget-divider--element-align-right .elementor-divider__element{margin-right:0}.elementor-widget-divider--element-align-start .elementor-divider .elementor-divider-separator>.elementor-divider__svg:first-of-type{flex-grow:0;flex-shrink:100}.elementor-widget-divider--element-align-start .elementor-divider-separator:before{content:none}.elementor-widget-divider--element-align-start .elementor-divider__element{margin-inline-start:0}.elementor-widget-divider--element-align-end .elementor-divider .elementor-divider-separator>.elementor-divider__svg:last-of-type{flex-grow:0;flex-shrink:100}.elementor-widget-divider--element-align-end .elementor-divider-separator:after{content:none}.elementor-widget-divider--element-align-end .elementor-divider__element{margin-inline-end:0}.elementor-widget-divider:not(.elementor-widget-divider--view-line_text):not(.elementor-widget-divider--view-line_icon) .elementor-divider-separator{border-block-start:var(--divider-border-width) var(--divider-border-style) var(--divider-color)}.elementor-widget-divider--separator-type-pattern{--divider-border-style:none}.elementor-widget-divider--separator-type-pattern.elementor-widget-divider--view-line .elementor-divider-separator,.elementor-widget-divider--separator-type-pattern:not(.elementor-widget-divider--view-line) .elementor-divider-separator:after,.elementor-widget-divider--separator-type-pattern:not(.elementor-widget-divider--view-line) .elementor-divider-separator:before,.elementor-widget-divider--separator-type-pattern:not([class*=elementor-widget-divider--view]) .elementor-divider-separator{width:100%;min-height:var(--divider-pattern-height);-webkit-mask-size:var(--divider-pattern-size) 100%;mask-size:var(--divider-pattern-size) 100%;-webkit-mask-repeat:var(--divider-pattern-repeat);mask-repeat:var(--divider-pattern-repeat);background-color:var(--divider-color);-webkit-mask-image:var(--divider-pattern-url);mask-image:var(--divider-pattern-url)}.elementor-widget-divider--no-spacing{--divider-pattern-size:auto}.elementor-widget-divider--bg-round{--divider-pattern-repeat:round}.rtl .elementor-widget-divider .elementor-divider__text{direction:rtl}.e-con-inner>.elementor-widget-divider,.e-con>.elementor-widget-divider{width:var(--container-widget-width,100%);--flex-grow:var(--container-widget-flex-grow)}<\/style>\t\t<div class=\"elementor-divider\">\n\t\t\t<span class=\"elementor-divider-separator\">\n\t\t\t\t\t\t<\/span>\n\t\t<\/div>\n\t\t\t\t<\/div>\n\t\t\t\t<\/div>\n\t\t\t\t<div class=\"elementor-element elementor-element-24696c28 elementor-widget elementor-widget-text-editor\" data-id=\"24696c28\" data-element_type=\"widget\" data-widget_type=\"text-editor.default\">\n\t\t\t\t<div class=\"elementor-widget-container\">\n\t\t\t<style>\/*! elementor - v3.19.0 - 07-02-2024 *\/\n.elementor-widget-text-editor.elementor-drop-cap-view-stacked .elementor-drop-cap{background-color:#69727d;color:#fff}.elementor-widget-text-editor.elementor-drop-cap-view-framed .elementor-drop-cap{color:#69727d;border:3px solid;background-color:transparent}.elementor-widget-text-editor:not(.elementor-drop-cap-view-default) .elementor-drop-cap{margin-top:8px}.elementor-widget-text-editor:not(.elementor-drop-cap-view-default) .elementor-drop-cap-letter{width:1em;height:1em}.elementor-widget-text-editor .elementor-drop-cap{float:left;text-align:center;line-height:1;font-size:50px}.elementor-widget-text-editor .elementor-drop-cap-letter{display:inline-block}<\/style>\t\t\t\t<p>Estamos em busca de talentos apaixonados por desafios e comprometidos com a excel\u00eancia. Se voc\u00ea \u00e9 uma pessoa motivada, proativa e deseja fazer parte de uma equipe din\u00e2mica e inovadora, seu lugar \u00e9 aqui!<\/p>\n<p>Confira abaixo as vagas dispon\u00edveis e envie sua candidatura. Juntos, vamos construir um futuro de sucesso!<\/p>\t\t\t\t\t\t<\/div>\n\t\t\t\t<\/div>\n\t\t\t\t\t<\/div>\n\t\t<\/div>\n\t\t\t\t\t<\/div>\n\t\t<\/section>\n\t\t\t\t<section class=\"elementor-section elementor-top-section elementor-element elementor-element-47dbc321 elementor-section-boxed elementor-section-height-default elementor-section-height-default\" data-id=\"47dbc321\" data-element_type=\"section\" data-settings=\"{&quot;background_background&quot;:&quot;gradient&quot;,&quot;_ha_eqh_enable&quot;:false}\">\n\t\t\t\t\t\t<div class=\"elementor-container elementor-column-gap-default\">\n\t\t\t\t\t<div class=\"elementor-column elementor-col-100 elementor-top-column elementor-element elementor-element-7f09ca06\" data-id=\"7f09ca06\" data-element_type=\"column\">\n\t\t\t<div class=\"elementor-widget-wrap elementor-element-populated\">\n\t\t\t\t\t\t<section class=\"elementor-section elementor-inner-section elementor-element elementor-element-15e37b52 elementor-section-boxed elementor-section-height-default elementor-section-height-default\" data-id=\"15e37b52\" data-element_type=\"section\" data-settings=\"{&quot;_ha_eqh_enable&quot;:false}\">\n\t\t\t\t\t\t<div class=\"elementor-container elementor-column-gap-default\">\n\t\t\t\t\t<div class=\"elementor-column elementor-col-100 elementor-inner-column elementor-element elementor-element-5319abfb\" data-id=\"5319abfb\" data-element_type=\"column\">\n\t\t\t<div class=\"elementor-widget-wrap elementor-element-populated\">\n\t\t\t\t\t\t<div class=\"elementor-element elementor-element-5e86e9e elementor-widget elementor-widget-heading\" data-id=\"5e86e9e\" data-element_type=\"widget\" data-widget_type=\"heading.default\">\n\t\t\t\t<div class=\"elementor-widget-container\">\n\t\t\t<h3 class=\"elementor-heading-title elementor-size-default\">Vagas dispon\u00edveis:<\/h3>\t\t<\/div>\n\t\t\t\t<\/div>\n\t\t\t\t<div class=\"elementor-element elementor-element-40f6c59 elementor-pagination-position-inside elementor-arrows-position-inside elementor-widget elementor-widget-image-carousel\" data-id=\"40f6c59\" data-element_type=\"widget\" data-settings=\"{&quot;slides_to_show&quot;:&quot;3&quot;,&quot;slides_to_scroll&quot;:&quot;3&quot;,&quot;image_spacing_custom&quot;:{&quot;unit&quot;:&quot;px&quot;,&quot;size&quot;:31,&quot;sizes&quot;:[]},&quot;navigation&quot;:&quot;both&quot;,&quot;autoplay&quot;:&quot;yes&quot;,&quot;pause_on_hover&quot;:&quot;yes&quot;,&quot;pause_on_interaction&quot;:&quot;yes&quot;,&quot;autoplay_speed&quot;:5000,&quot;infinite&quot;:&quot;yes&quot;,&quot;speed&quot;:500,&quot;image_spacing_custom_tablet&quot;:{&quot;unit&quot;:&quot;px&quot;,&quot;size&quot;:&quot;&quot;,&quot;sizes&quot;:[]},&quot;image_spacing_custom_mobile&quot;:{&quot;unit&quot;:&quot;px&quot;,&quot;size&quot;:&quot;&quot;,&quot;sizes&quot;:[]}}\" data-widget_type=\"image-carousel.default\">\n\t\t\t\t<div class=\"elementor-widget-container\">\n\t\t\t<style>\/*! elementor - v3.19.0 - 07-02-2024 *\/\n.elementor-widget-image-carousel .swiper,.elementor-widget-image-carousel .swiper-container{position:static}.elementor-widget-image-carousel .swiper-container .swiper-slide figure,.elementor-widget-image-carousel .swiper .swiper-slide figure{line-height:inherit}.elementor-widget-image-carousel .swiper-slide{text-align:center}.elementor-image-carousel-wrapper:not(.swiper-container-initialized):not(.swiper-initialized) .swiper-slide{max-width:calc(100% \/ var(--e-image-carousel-slides-to-show, 3))}<\/style>\t\t<div class=\"elementor-image-carousel-wrapper swiper\" dir=\"ltr\">\n\t\t\t<div class=\"elementor-image-carousel swiper-wrapper\" aria-live=\"off\">\n\t\t\t\t\t\t\t\t<div class=\"swiper-slide\" role=\"group\" aria-roledescription=\"slide\" aria-label=\"1 of 3\"><figure class=\"swiper-slide-inner\"><img decoding=\"async\" class=\"swiper-slide-image\" src=\"https:\/\/grupobrotherhood.com.br\/wp-content\/uploads\/elementor\/thumbs\/Assistente-de-Departamento-Pessoal-qma3uqxyn8d2bp2d204ppto19z0yipfz6iaj1t1388.jpg\" alt=\"Assistente de Departamento Pessoal\" \/><\/figure><\/div><div class=\"swiper-slide\" role=\"group\" aria-roledescription=\"slide\" aria-label=\"2 of 3\"><figure class=\"swiper-slide-inner\"><img decoding=\"async\" class=\"swiper-slide-image\" src=\"https:\/\/grupobrotherhood.com.br\/wp-content\/uploads\/elementor\/thumbs\/Assistente-Fiscal-qma3utrh7qgxaiy9ljclfayf24n25sr66w8zhmwwpk.jpg\" alt=\"Assistente Fiscal\" \/><\/figure><\/div><div class=\"swiper-slide\" role=\"group\" aria-roledescription=\"slide\" aria-label=\"3 of 3\"><figure class=\"swiper-slide-inner\"><img decoding=\"async\" class=\"swiper-slide-image\" src=\"https:\/\/grupobrotherhood.com.br\/wp-content\/uploads\/elementor\/thumbs\/Analista-de-Departamento-Pessoal-qma3uwkzs8ks9cu652kh4s8sua95sw2d7a7fxgsq6w.jpg\" alt=\"Analista de Departamento Pessoal\" \/><\/figure><\/div>\t\t\t<\/div>\n\t\t\t\t\t\t\t\t\t\t\t\t<div class=\"elementor-swiper-button elementor-swiper-button-prev\" role=\"button\" tabindex=\"0\">\n\t\t\t\t\t\t<svg aria-hidden=\"true\" class=\"e-font-icon-svg e-eicon-chevron-left\" viewBox=\"0 0 1000 1000\" xmlns=\"http:\/\/www.w3.org\/2000\/svg\"><path d=\"M646 125C629 125 613 133 604 142L308 442C296 454 292 471 292 487 292 504 296 521 308 533L604 854C617 867 629 875 646 875 663 875 679 871 692 858 704 846 713 829 713 812 713 796 708 779 692 767L438 487 692 225C700 217 708 204 708 187 708 171 704 154 692 142 675 129 663 125 646 125Z\"><\/path><\/svg>\t\t\t\t\t<\/div>\n\t\t\t\t\t<div class=\"elementor-swiper-button elementor-swiper-button-next\" role=\"button\" tabindex=\"0\">\n\t\t\t\t\t\t<svg aria-hidden=\"true\" class=\"e-font-icon-svg e-eicon-chevron-right\" viewBox=\"0 0 1000 1000\" xmlns=\"http:\/\/www.w3.org\/2000\/svg\"><path d=\"M696 533C708 521 713 504 713 487 713 471 708 454 696 446L400 146C388 133 375 125 354 125 338 125 325 129 313 142 300 154 292 171 292 187 292 204 296 221 308 233L563 492 304 771C292 783 288 800 288 817 288 833 296 850 308 863 321 871 338 875 354 875 371 875 388 867 400 854L696 533Z\"><\/path><\/svg>\t\t\t\t\t<\/div>\n\t\t\t\t\n\t\t\t\t\t\t\t\t\t<div class=\"swiper-pagination\"><\/div>\n\t\t\t\t\t\t\t\t\t<\/div>\n\t\t\t\t<\/div>\n\t\t\t\t<\/div>\n\t\t\t\t<div class=\"elementor-element elementor-element-f56574d elementor-align-center elementor-mobile-align-center elementor-widget-mobile__width-initial elementor-widget elementor-widget-button\" data-id=\"f56574d\" data-element_type=\"widget\" data-widget_type=\"button.default\">\n\t\t\t\t<div class=\"elementor-widget-container\">\n\t\t\t\t\t<div class=\"elementor-button-wrapper\">\n\t\t\t<a class=\"elementor-button elementor-button-link elementor-size-xl\" href=\"https:\/\/www.linkedin.com\/company\/brotherhood-contabilidade\">\n\t\t\t\t\t\t<span class=\"elementor-button-content-wrapper\">\n\t\t\t\t\t\t<span class=\"elementor-button-icon elementor-align-icon-right\">\n\t\t\t\t<svg aria-hidden=\"true\" class=\"e-font-icon-svg e-fab-linkedin\" viewBox=\"0 0 448 512\" xmlns=\"http:\/\/www.w3.org\/2000\/svg\"><path d=\"M416 32H31.9C14.3 32 0 46.5 0 64.3v383.4C0 465.5 14.3 480 31.9 480H416c17.6 0 32-14.5 32-32.3V64.3c0-17.8-14.4-32.3-32-32.3zM135.4 416H69V202.2h66.5V416zm-33.2-243c-21.3 0-38.5-17.3-38.5-38.5S80.9 96 102.2 96c21.2 0 38.5 17.3 38.5 38.5 0 21.3-17.2 38.5-38.5 38.5zm282.1 243h-66.4V312c0-24.8-.5-56.7-34.5-56.7-34.6 0-39.9 27-39.9 54.9V416h-66.4V202.2h63.7v29.2h.9c8.9-16.8 30.6-34.5 62.9-34.5 67.2 0 79.7 44.3 79.7 101.9V416z\"><\/path><\/svg>\t\t\t<\/span>\n\t\t\t\t\t\t<span class=\"elementor-button-text\">Enviar Curr\u00edculo<\/span>\n\t\t<\/span>\n\t\t\t\t\t<\/a>\n\t\t<\/div>\n\t\t\t\t<\/div>\n\t\t\t\t<\/div>\n\t\t\t\t\t<\/div>\n\t\t<\/div>\n\t\t\t\t\t<\/div>\n\t\t<\/section>\n\t\t\t\t\t<\/div>\n\t\t<\/div>\n\t\t\t\t\t<\/div>\n\t\t<\/section>\n\t\t\t\t<\/div>\n\t\t","protected":false},"excerpt":{"rendered":"<p>Fa\u00e7a parte do nosso time Estamos em busca de talentos apaixonados por desafios Estamos em busca de talentos apaixonados por desafios e comprometidos com a excel\u00eancia. Se voc\u00ea \u00e9 uma pessoa motivada, proativa e deseja fazer parte de uma equipe din\u00e2mica e inovadora, seu lugar \u00e9 aqui! Confira abaixo as vagas dispon\u00edveis e envie sua [&hellip;]<\/p>\n","protected":false},"author":1,"featured_media":0,"parent":0,"menu_order":0,"comment_status":"closed","ping_status":"closed","template":"","meta":{"om_disable_all_campaigns":false,"_monsterinsights_skip_tracking":false,"_monsterinsights_sitenote_active":false,"_monsterinsights_sitenote_note":"","_monsterinsights_sitenote_category":0,"footnotes":""},"class_list":["post-568","page","type-page","status-publish","hentry"],"yoast_head":"<!-- This site is optimized with the Yoast SEO plugin v25.3 - https:\/\/yoast.com\/wordpress\/plugins\/seo\/ -->\n<title>Vagas em Contabilidade no RJ | Trabalhe na Brotherhood<\/title>\n<meta name=\"description\" content=\"Buscando oportunidades em contabilidade no Rio? Confira as vagas e fa\u00e7a parte de um time que valoriza talento e crescimento profissional.\" \/>\n<meta name=\"robots\" content=\"index, follow, max-snippet:-1, max-image-preview:large, max-video-preview:-1\" \/>\n<link rel=\"canonical\" href=\"https:\/\/grupobrotherhood.com.br\/?page_id=568\" \/>\n<meta property=\"og:locale\" content=\"en_US\" \/>\n<meta property=\"og:type\" content=\"article\" \/>\n<meta property=\"og:title\" content=\"Vagas em Contabilidade no RJ | Trabalhe na Brotherhood\" \/>\n<meta property=\"og:description\" content=\"Buscando oportunidades em contabilidade no Rio? Confira as vagas e fa\u00e7a parte de um time que valoriza talento e crescimento profissional.\" \/>\n<meta property=\"og:url\" content=\"https:\/\/grupobrotherhood.com.br\/?page_id=568\" \/>\n<meta property=\"og:site_name\" content=\"Brotherhood Contabilidade no Rio de Janeiro\" \/>\n<meta property=\"article:modified_time\" content=\"2025-06-12T21:04:06+00:00\" \/>\n<meta property=\"og:image\" content=\"http:\/\/grupobrotherhood.com.br\/wp-content\/uploads\/elementor\/thumbs\/Assistente-de-Departamento-Pessoal-qma3uqxyn8d2bp2d204ppto19z0yipfz6iaj1t1388.jpg\" \/>\n<meta name=\"twitter:card\" content=\"summary_large_image\" \/>\n<meta name=\"twitter:label1\" content=\"Est. reading time\" \/>\n\t<meta name=\"twitter:data1\" content=\"1 minute\" \/>\n<script type=\"application\/ld+json\" class=\"yoast-schema-graph\">{\"@context\":\"https:\/\/schema.org\",\"@graph\":[{\"@type\":\"WebPage\",\"@id\":\"https:\/\/grupobrotherhood.com.br\/?page_id=568\",\"url\":\"https:\/\/grupobrotherhood.com.br\/?page_id=568\",\"name\":\"Vagas em Contabilidade no RJ | Trabalhe na Brotherhood\",\"isPartOf\":{\"@id\":\"https:\/\/grupobrotherhood.com.br\/#website\"},\"primaryImageOfPage\":{\"@id\":\"https:\/\/grupobrotherhood.com.br\/?page_id=568#primaryimage\"},\"image\":{\"@id\":\"https:\/\/grupobrotherhood.com.br\/?page_id=568#primaryimage\"},\"thumbnailUrl\":\"http:\/\/grupobrotherhood.com.br\/wp-content\/uploads\/elementor\/thumbs\/Assistente-de-Departamento-Pessoal-qma3uqxyn8d2bp2d204ppto19z0yipfz6iaj1t1388.jpg\",\"datePublished\":\"2024-04-05T20:28:25+00:00\",\"dateModified\":\"2025-06-12T21:04:06+00:00\",\"description\":\"Buscando oportunidades em contabilidade no Rio? Confira as vagas e fa\u00e7a parte de um time que valoriza talento e crescimento profissional.\",\"breadcrumb\":{\"@id\":\"https:\/\/grupobrotherhood.com.br\/?page_id=568#breadcrumb\"},\"inLanguage\":\"en-US\",\"potentialAction\":[{\"@type\":\"ReadAction\",\"target\":[\"https:\/\/grupobrotherhood.com.br\/?page_id=568\"]}]},{\"@type\":\"ImageObject\",\"inLanguage\":\"en-US\",\"@id\":\"https:\/\/grupobrotherhood.com.br\/?page_id=568#primaryimage\",\"url\":\"http:\/\/grupobrotherhood.com.br\/wp-content\/uploads\/elementor\/thumbs\/Assistente-de-Departamento-Pessoal-qma3uqxyn8d2bp2d204ppto19z0yipfz6iaj1t1388.jpg\",\"contentUrl\":\"http:\/\/grupobrotherhood.com.br\/wp-content\/uploads\/elementor\/thumbs\/Assistente-de-Departamento-Pessoal-qma3uqxyn8d2bp2d204ppto19z0yipfz6iaj1t1388.jpg\"},{\"@type\":\"BreadcrumbList\",\"@id\":\"https:\/\/grupobrotherhood.com.br\/?page_id=568#breadcrumb\",\"itemListElement\":[{\"@type\":\"ListItem\",\"position\":1,\"name\":\"Home\",\"item\":\"https:\/\/grupobrotherhood.com.br\/\"},{\"@type\":\"ListItem\",\"position\":2,\"name\":\"Vagas Contabilidade Rio de Janeiro BrotherHood\"}]},{\"@type\":\"WebSite\",\"@id\":\"https:\/\/grupobrotherhood.com.br\/#website\",\"url\":\"https:\/\/grupobrotherhood.com.br\/\",\"name\":\"Brotherhood Contabilidade no Rio de Janeiro\",\"description\":\"\",\"potentialAction\":[{\"@type\":\"SearchAction\",\"target\":{\"@type\":\"EntryPoint\",\"urlTemplate\":\"https:\/\/grupobrotherhood.com.br\/?s={search_term_string}\"},\"query-input\":{\"@type\":\"PropertyValueSpecification\",\"valueRequired\":true,\"valueName\":\"search_term_string\"}}],\"inLanguage\":\"en-US\"}]}<\/script>\n<!-- \/ Yoast SEO plugin. -->","yoast_head_json":{"title":"Vagas em Contabilidade no RJ | Trabalhe na Brotherhood","description":"Buscando oportunidades em contabilidade no Rio? Confira as vagas e fa\u00e7a parte de um time que valoriza talento e crescimento profissional.","robots":{"index":"index","follow":"follow","max-snippet":"max-snippet:-1","max-image-preview":"max-image-preview:large","max-video-preview":"max-video-preview:-1"},"canonical":"https:\/\/grupobrotherhood.com.br\/?page_id=568","og_locale":"en_US","og_type":"article","og_title":"Vagas em Contabilidade no RJ | Trabalhe na Brotherhood","og_description":"Buscando oportunidades em contabilidade no Rio? Confira as vagas e fa\u00e7a parte de um time que valoriza talento e crescimento profissional.","og_url":"https:\/\/grupobrotherhood.com.br\/?page_id=568","og_site_name":"Brotherhood Contabilidade no Rio de Janeiro","article_modified_time":"2025-06-12T21:04:06+00:00","og_image":[{"url":"http:\/\/grupobrotherhood.com.br\/wp-content\/uploads\/elementor\/thumbs\/Assistente-de-Departamento-Pessoal-qma3uqxyn8d2bp2d204ppto19z0yipfz6iaj1t1388.jpg","type":"","width":"","height":""}],"twitter_card":"summary_large_image","twitter_misc":{"Est. reading time":"1 minute"},"schema":{"@context":"https:\/\/schema.org","@graph":[{"@type":"WebPage","@id":"https:\/\/grupobrotherhood.com.br\/?page_id=568","url":"https:\/\/grupobrotherhood.com.br\/?page_id=568","name":"Vagas em Contabilidade no RJ | Trabalhe na Brotherhood","isPartOf":{"@id":"https:\/\/grupobrotherhood.com.br\/#website"},"primaryImageOfPage":{"@id":"https:\/\/grupobrotherhood.com.br\/?page_id=568#primaryimage"},"image":{"@id":"https:\/\/grupobrotherhood.com.br\/?page_id=568#primaryimage"},"thumbnailUrl":"http:\/\/grupobrotherhood.com.br\/wp-content\/uploads\/elementor\/thumbs\/Assistente-de-Departamento-Pessoal-qma3uqxyn8d2bp2d204ppto19z0yipfz6iaj1t1388.jpg","datePublished":"2024-04-05T20:28:25+00:00","dateModified":"2025-06-12T21:04:06+00:00","description":"Buscando oportunidades em contabilidade no Rio? Confira as vagas e fa\u00e7a parte de um time que valoriza talento e crescimento profissional.","breadcrumb":{"@id":"https:\/\/grupobrotherhood.com.br\/?page_id=568#breadcrumb"},"inLanguage":"en-US","potentialAction":[{"@type":"ReadAction","target":["https:\/\/grupobrotherhood.com.br\/?page_id=568"]}]},{"@type":"ImageObject","inLanguage":"en-US","@id":"https:\/\/grupobrotherhood.com.br\/?page_id=568#primaryimage","url":"http:\/\/grupobrotherhood.com.br\/wp-content\/uploads\/elementor\/thumbs\/Assistente-de-Departamento-Pessoal-qma3uqxyn8d2bp2d204ppto19z0yipfz6iaj1t1388.jpg","contentUrl":"http:\/\/grupobrotherhood.com.br\/wp-content\/uploads\/elementor\/thumbs\/Assistente-de-Departamento-Pessoal-qma3uqxyn8d2bp2d204ppto19z0yipfz6iaj1t1388.jpg"},{"@type":"BreadcrumbList","@id":"https:\/\/grupobrotherhood.com.br\/?page_id=568#breadcrumb","itemListElement":[{"@type":"ListItem","position":1,"name":"Home","item":"https:\/\/grupobrotherhood.com.br\/"},{"@type":"ListItem","position":2,"name":"Vagas Contabilidade Rio de Janeiro BrotherHood"}]},{"@type":"WebSite","@id":"https:\/\/grupobrotherhood.com.br\/#website","url":"https:\/\/grupobrotherhood.com.br\/","name":"Brotherhood Contabilidade no Rio de Janeiro","description":"","potentialAction":[{"@type":"SearchAction","target":{"@type":"EntryPoint","urlTemplate":"https:\/\/grupobrotherhood.com.br\/?s={search_term_string}"},"query-input":{"@type":"PropertyValueSpecification","valueRequired":true,"valueName":"search_term_string"}}],"inLanguage":"en-US"}]}},"_links":{"self":[{"href":"https:\/\/grupobrotherhood.com.br\/index.php?rest_route=\/wp\/v2\/pages\/568","targetHints":{"allow":["GET"]}}],"collection":[{"href":"https:\/\/grupobrotherhood.com.br\/index.php?rest_route=\/wp\/v2\/pages"}],"about":[{"href":"https:\/\/grupobrotherhood.com.br\/index.php?rest_route=\/wp\/v2\/types\/page"}],"author":[{"embeddable":true,"href":"https:\/\/grupobrotherhood.com.br\/index.php?rest_route=\/wp\/v2\/users\/1"}],"replies":[{"embeddable":true,"href":"https:\/\/grupobrotherhood.com.br\/index.php?rest_route=%2Fwp%2Fv2%2Fcomments&post=568"}],"version-history":[{"count":19,"href":"https:\/\/grupobrotherhood.com.br\/index.php?rest_route=\/wp\/v2\/pages\/568\/revisions"}],"predecessor-version":[{"id":708,"href":"https:\/\/grupobrotherhood.com.br\/index.php?rest_route=\/wp\/v2\/pages\/568\/revisions\/708"}],"wp:attachment":[{"href":"https:\/\/grupobrotherhood.com.br\/index.php?rest_route=%2Fwp%2Fv2%2Fmedia&parent=568"}],"curies":[{"name":"wp","href":"https:\/\/api.w.org\/{rel}","templated":true}]}}